{"id":218,"date":"2016-10-12T12:11:11","date_gmt":"2016-10-12T15:11:11","guid":{"rendered":"https:\/\/universonerd.net\/portalantigo\/?page_id=218"},"modified":"2021-10-16T19:12:01","modified_gmt":"2021-10-16T22:12:01","slug":"parceiros","status":"publish","type":"page","link":"https:\/\/universonerd.net\/portalantigo\/parceiros\/","title":{"rendered":"Parceiros"},"content":{"rendered":"<p>Conhe\u00e7a os\u00a0<strong>PARCEIROS<\/strong> do <strong>Projeto Universo NERD <\/strong>e colabore conosco na constru\u00e7\u00e3o de uma COMUNIDADE s\u00f3lida, unida\u00a0e que discute assuntos\u00a0que tanto os<strong> NERDS<\/strong> quanto os <strong>GEEKS<\/strong> adoram.<\/p>\n<table border=\"0\">\n<tbody>\n<tr>\n<td style=\"text-align: center;\"><\/td>\n<td style=\"text-align: center;\"><\/td>\n<\/tr>\n<tr>\n<td><\/td>\n<td><span style=\"font-size: 10pt;\">\u00a0<\/span><\/td>\n<\/tr>\n<tr>\n<td style=\"text-align: center;\"><strong>PROHOST &#8211; Servidores, VPS, VDS, dedicados<\/strong><\/td>\n<td style=\"text-align: center;\"><strong><b>GamerMan\u00edacos &#8211; Grupo<\/b><\/strong><\/td>\n<\/tr>\n<tr>\n<td><a href=\"http:\/\/prohost.club\/\" target=\"_blank\" rel=\"noopener noreferrer\"><img loading=\"lazy\" decoding=\"async\" class=\"wp-image-27567  aligncenter\" src=\"https:\/\/universonerd.net\/portalantigo\/wp-content\/uploads\/2021\/10\/botom-2.png\" alt=\"\" width=\"282\" height=\"90\" \/><\/a><\/td>\n<td><a href=\"https:\/\/www.facebook.com\/gamermaniacosbrasil\" target=\"_blank\" rel=\"noopener noreferrer\"><img loading=\"lazy\" decoding=\"async\" class=\"aligncenter wp-image-4658\" src=\"https:\/\/universonerd.net\/portalantigo\/wp-content\/uploads\/2016\/10\/GamerManiacos-212x300.jpg\" alt=\"\" width=\"177\" height=\"250\" srcset=\"https:\/\/universonerd.net\/portalantigo\/wp-content\/uploads\/2016\/10\/GamerManiacos-212x300.jpg 212w, https:\/\/universonerd.net\/portalantigo\/wp-content\/uploads\/2016\/10\/GamerManiacos.jpg 596w\" sizes=\"auto, (max-width: 177px) 100vw, 177px\" \/><\/a><\/td>\n<\/tr>\n<tr>\n<td style=\"text-align: center;\">\u00a0<strong>Halo Project Brasil &#8211; Site\/Blog<\/strong><\/td>\n<td style=\"text-align: center;\"><strong><b>Canal\u00a0QuaSeGamer &#8211; Telegram e YouTube<\/b><\/strong><\/td>\n<\/tr>\n<tr>\n<td><a href=\"http:\/\/www.haloprojectbrasil.com.br\/\" target=\"_blank\" rel=\"noopener noreferrer\"><img loading=\"lazy\" decoding=\"async\" class=\"aligncenter wp-image-8143 size-full\" src=\"https:\/\/universonerd.net\/portalantigo\/wp-content\/uploads\/2016\/10\/haloprojectbrasil-250x130.png\" alt=\"\" width=\"250\" height=\"130\" \/><\/a><\/td>\n<td style=\"text-align: center;\"><span style=\"font-size: 10pt;\"><a href=\"https:\/\/telegram.me\/QuaSeGamer\" target=\"_blank\" rel=\"noopener noreferrer\"><img loading=\"lazy\" decoding=\"async\" class=\"alignnone wp-image-5443\" src=\"https:\/\/universonerd.net\/portalantigo\/wp-content\/uploads\/2016\/10\/canal_quasegamer.jpg\" alt=\"\" width=\"250\" height=\"250\" srcset=\"https:\/\/universonerd.net\/portalantigo\/wp-content\/uploads\/2016\/10\/canal_quasegamer.jpg 640w, https:\/\/universonerd.net\/portalantigo\/wp-content\/uploads\/2016\/10\/canal_quasegamer-150x150.jpg 150w, https:\/\/universonerd.net\/portalantigo\/wp-content\/uploads\/2016\/10\/canal_quasegamer-300x300.jpg 300w\" sizes=\"auto, (max-width: 250px) 100vw, 250px\" \/><\/a><br \/>\n<\/span><\/td>\n<\/tr>\n<tr>\n<td style=\"text-align: center;\"><strong><b>Canal Nerdl\u00e2ndia &#8211; Telegram<\/b><\/strong><a href=\"https:\/\/universonerd.net\/portalantigo\/nosnerds\/contato\/\"><br \/>\n<\/a><\/td>\n<td style=\"text-align: center;\"><b>Canal Dw. Nerd &#8211; YouTube<\/b><\/td>\n<\/tr>\n<tr>\n<td style=\"text-align: center;\"><a href=\"https:\/\/telegram.me\/nerdlandiamaurooficial\" target=\"_blank\" rel=\"noopener noreferrer\"><img loading=\"lazy\" decoding=\"async\" class=\"wp-image-4755 aligncenter\" src=\"https:\/\/universonerd.net\/portalantigo\/wp-content\/uploads\/2016\/10\/canal_nerdlandia.jpg\" alt=\"\" width=\"250\" height=\"250\" srcset=\"https:\/\/universonerd.net\/portalantigo\/wp-content\/uploads\/2016\/10\/canal_nerdlandia.jpg 1080w, https:\/\/universonerd.net\/portalantigo\/wp-content\/uploads\/2016\/10\/canal_nerdlandia-150x150.jpg 150w, https:\/\/universonerd.net\/portalantigo\/wp-content\/uploads\/2016\/10\/canal_nerdlandia-300x300.jpg 300w, https:\/\/universonerd.net\/portalantigo\/wp-content\/uploads\/2016\/10\/canal_nerdlandia-768x768.jpg 768w, https:\/\/universonerd.net\/portalantigo\/wp-content\/uploads\/2016\/10\/canal_nerdlandia-1024x1024.jpg 1024w\" sizes=\"auto, (max-width: 250px) 100vw, 250px\" \/><\/a><a href=\"https:\/\/universonerd.net\/portalantigo\/nosnerds\/contato\/\"><br \/>\n<\/a><\/td>\n<td style=\"text-align: center;\"><a href=\"https:\/\/www.youtube.com\/channel\/UCeKkkZQN_UWOfeLuyVdmJeQ\" target=\"_blank\" rel=\"noopener noreferrer\"><img loading=\"lazy\" decoding=\"async\" class=\"wp-image-824 aligncenter\" src=\"https:\/\/universonerd.net\/portalantigo\/wp-content\/uploads\/2016\/11\/dwnerd.jpg\" alt=\"dwnerd\" width=\"250\" height=\"250\" srcset=\"https:\/\/universonerd.net\/portalantigo\/wp-content\/uploads\/2016\/11\/dwnerd.jpg 368w, https:\/\/universonerd.net\/portalantigo\/wp-content\/uploads\/2016\/11\/dwnerd-150x150.jpg 150w, https:\/\/universonerd.net\/portalantigo\/wp-content\/uploads\/2016\/11\/dwnerd-300x300.jpg 300w\" sizes=\"auto, (max-width: 250px) 100vw, 250px\" \/><\/a><\/td>\n<\/tr>\n<tr>\n<td style=\"text-align: center;\"><b>Dispon\u00edvel<\/b><\/td>\n<td style=\"text-align: center;\"><b>Dispon\u00edvel<\/b><\/td>\n<\/tr>\n<tr>\n<td style=\"text-align: center;\"><a href=\"https:\/\/universonerd.net\/portalantigo\/o_universo\/contato\/\"><img loading=\"lazy\" decoding=\"async\" class=\"size-full wp-image-417 aligncenter\" src=\"https:\/\/universonerd.net\/portalantigo\/wp-content\/uploads\/2016\/10\/seja_parceiro.png\" alt=\"seja_parceiro\" width=\"219\" height=\"173\" \/><\/a><\/td>\n<td style=\"text-align: center;\"><a href=\"https:\/\/universonerd.net\/portalantigo\/o_universo\/contato\/\"><img loading=\"lazy\" decoding=\"async\" class=\"size-full wp-image-417 aligncenter\" src=\"https:\/\/universonerd.net\/portalantigo\/wp-content\/uploads\/2016\/10\/seja_parceiro.png\" alt=\"seja_parceiro\" width=\"219\" height=\"173\" \/><\/a><\/td>\n<\/tr>\n<tr>\n<td style=\"text-align: center;\">Contato: contato@universonerd.net<a href=\"https:\/\/universonerd.net\/portalantigo\/nosnerds\/contato\/\"><br \/>\n<\/a><\/td>\n<td style=\"text-align: center;\">Contato: contato@universonerd.net<\/td>\n<\/tr>\n<\/tbody>\n<\/table>\n<p>Caso tenha interesse em ser\u00a0um de nossos\u00a0<strong>PARCEIROS<\/strong>, entre em contato atrav\u00e9s do <a href=\"https:\/\/universonerd.net\/portalantigo\/o_universo\/contato\/\">Formul\u00e1rio de Contato<\/a> ou mande um e-mail diretamente para <strong>contato@universonerd.net <\/strong>e fa\u00e7a a sua proposta.<\/p>\n<h3>Vantagem da Parceria &#8230;<\/h3>\n<blockquote><p><strong><em>Uma\u00a0PARCERIA \u00e9 um &#8220;arranjo&#8221; em que duas ou mais partes estabelecem um acordo de coopera\u00e7\u00e3o para atingir interesses comuns. E parceiros s\u00e3o fundamentais para alcan\u00e7ar objetivos!<\/em><\/strong><\/p><\/blockquote>\n<p>E acima de tudo, no <strong>Projeto Universo NERD<\/strong>, a <strong>PARCERIA<\/strong> est\u00e1 diretamente relacionada com a constru\u00e7\u00e3o de uma comunidade unida para abordar assuntos dos universos <strong>NERD<\/strong> &amp; <strong>GEEK<\/strong>.<\/p>\n","protected":false},"excerpt":{"rendered":"<p>Conhe\u00e7a os\u00a0PARCEIROS do Projeto Universo NERD e colabore conosco na constru\u00e7\u00e3o de uma COMUNIDADE s\u00f3lida, unida\u00a0e que discute assuntos\u00a0que tanto os NERDS quanto os GEEKS adoram. \u00a0 PROHOST &#8211; Servidores, VPS, VDS, dedicados GamerMan\u00edacos &#8211; Grupo \u00a0Halo Project Brasil &#8211; Site\/Blog Canal\u00a0QuaSeGamer &#8211; Telegram e YouTube Canal Nerdl\u00e2ndia &#8211; Telegram Canal Dw. Nerd &#8211; YouTube [&hellip;]<\/p>\n","protected":false},"author":1,"featured_media":4775,"parent":0,"menu_order":0,"comment_status":"closed","ping_status":"closed","template":"","meta":{"_monsterinsights_skip_tracking":false,"_monsterinsights_sitenote_active":false,"_monsterinsights_sitenote_note":"","_monsterinsights_sitenote_category":0,"footnotes":""},"class_list":["post-218","page","type-page","status-publish","has-post-thumbnail","hentry"],"_links":{"self":[{"href":"https:\/\/universonerd.net\/portalantigo\/wp-json\/wp\/v2\/pages\/218","targetHints":{"allow":["GET"]}}],"collection":[{"href":"https:\/\/universonerd.net\/portalantigo\/wp-json\/wp\/v2\/pages"}],"about":[{"href":"https:\/\/universonerd.net\/portalantigo\/wp-json\/wp\/v2\/types\/page"}],"author":[{"embeddable":true,"href":"https:\/\/universonerd.net\/portalantigo\/wp-json\/wp\/v2\/users\/1"}],"replies":[{"embeddable":true,"href":"https:\/\/universonerd.net\/portalantigo\/wp-json\/wp\/v2\/comments?post=218"}],"version-history":[{"count":0,"href":"https:\/\/universonerd.net\/portalantigo\/wp-json\/wp\/v2\/pages\/218\/revisions"}],"wp:featuredmedia":[{"embeddable":true,"href":"https:\/\/universonerd.net\/portalantigo\/wp-json\/wp\/v2\/media\/4775"}],"wp:attachment":[{"href":"https:\/\/universonerd.net\/portalantigo\/wp-json\/wp\/v2\/media?parent=218"}],"curies":[{"name":"wp","href":"https:\/\/api.w.org\/{rel}","templated":true}]}}