{"id":212,"date":"2016-10-25T12:07:00","date_gmt":"2016-10-25T14:07:00","guid":{"rendered":"https:\/\/universonerd.net\/portalantigo\/?page_id=212"},"modified":"2018-02-25T12:10:30","modified_gmt":"2018-02-25T15:10:30","slug":"equipe","status":"publish","type":"page","link":"https:\/\/universonerd.net\/portalantigo\/o_universo\/equipe\/","title":{"rendered":"Equipe"},"content":{"rendered":"<p>Nesta p\u00e1gina voc\u00ea poder\u00e1 conhecer um pouco\u00a0sobre cada\u00a0<strong>MEMBRO<\/strong> da\u00a0<strong>EQUIPE<\/strong> do <strong>Projeto Universo NERD<\/strong>.<\/p>\n<h3>Fique a vontade para entrar em contato com nossa\u00a0equipe e participar conosco na\u00a0constru\u00e7\u00e3o de\u00a0uma comunidade\u00a0unida envolvendo assuntos que adoramos.<\/h3>\n<p><a href=\"https:\/\/universonerd.net\/portalantigo\/wp-content\/uploads\/2018\/02\/pagina_equipe_fevereiro_3_2018.jpg\"><img loading=\"lazy\" decoding=\"async\" class=\"size-full wp-image-12871 aligncenter\" src=\"https:\/\/universonerd.net\/portalantigo\/wp-content\/uploads\/2018\/02\/pagina_equipe_fevereiro_3_2018.jpg\" alt=\"\" width=\"720\" height=\"2646\" srcset=\"https:\/\/universonerd.net\/portalantigo\/wp-content\/uploads\/2018\/02\/pagina_equipe_fevereiro_3_2018.jpg 720w, https:\/\/universonerd.net\/portalantigo\/wp-content\/uploads\/2018\/02\/pagina_equipe_fevereiro_3_2018-82x300.jpg 82w, https:\/\/universonerd.net\/portalantigo\/wp-content\/uploads\/2018\/02\/pagina_equipe_fevereiro_3_2018-279x1024.jpg 279w\" sizes=\"auto, (max-width: 720px) 100vw, 720px\" \/><\/a><\/p>\n<p>Caso tenha interesse em ser\u00a0um <strong>MEMBRO<\/strong> da <strong>EQUIPE<\/strong>, entre em contato atrav\u00e9s do <a href=\"https:\/\/universonerd.net\/portalantigo\/o_universo\/contato\/\">Formul\u00e1rio de Contato<\/a> ou mande um e-mail diretamente para <strong>contato@universonerd.net <\/strong>e converse com os <strong>Administradores<\/strong>.<\/p>\n<h3>\u00c9 importante que o interessado tenha:<\/h3>\n<ul>\n<li>Vontade\u00a0de escrever assuntos envolvendo os universos NERD, GEEK &amp; GAMER;<\/li>\n<li>Dedica\u00e7\u00e3o para colaborar na evolu\u00e7\u00e3o do <strong>Projeto Universo NERD<\/strong>;<\/li>\n<li>Tempo m\u00ednimo semanal dispon\u00edvel para assuntos do Blog;<\/li>\n<li>Idade igual ou superior a 20 anos;<\/li>\n<\/ul>\n<h4>Algumas frases de pessoas respeitadas em suas \u00e1reas:<\/h4>\n<blockquote><p><strong><em>Com dedica\u00e7\u00e3o, motiva\u00e7\u00e3o, vis\u00e3o, talento, di\u00e1logo e trabalho em equipe podemos transformar o trabalho, a empresa, a comunidade e contribuirmos para uma sociedade melhor e mais justa. (Otto Cembranelli )\u00a0<\/em><\/strong><\/p>\n<p><strong><em>Todos s\u00e3o pe\u00e7as importantes no trabalho em equipe, cada um representa uma pequena parcela do resultado final, quando um falha, todos devem se unir, para sua reconstru\u00e7\u00e3o. (Salvador Faria)\u00a0<\/em><\/strong><\/p>\n<p><strong><em>Trabalhar em equipe, nem sempre \u00e9 acertar o alvo, mas sim se dispor a qualquer momento, ir al\u00e9m de suas expectativas, \u00e9 ajudar o pr\u00f3ximo. (Gilberto Blayt)<\/em><\/strong><\/p>\n<p><strong><em>Se quiser sobreviver e ser feliz, voc\u00ea precisa treinar, trabalhar e viver em equipe. (Augusto Cury)<\/em><\/strong><\/p>\n<p><strong><em>As gar\u00e7as voam em bandos e em forma de tri\u00e2ngulos, quando est\u00e3o migrando de um lugar para outro. E o mais engra\u00e7ado nisso \u00e9 que quando a gar\u00e7a que esta na frente cansa ela troca de posi\u00e7\u00e3o com a ultima.. Isso que se chama de trabalho em EQUIPE. (Paulo Batista dos Santos)<\/em><\/strong><\/p><\/blockquote>\n<p>E no <strong>Projeto Universo NERD<\/strong>,\u00a0ser\u00a0<strong>MEMBRO<\/strong> est\u00e1 diretamente relacionado com a constru\u00e7\u00e3o de uma comunidade unida e s\u00f3lida\u00a0para abordar assuntos dos universos <strong>NERD, <\/strong><strong>GEEK <\/strong>&amp;<strong> GAMER<\/strong>. Vamos que vamos!<\/p>\n","protected":false},"excerpt":{"rendered":"<p>Nesta p\u00e1gina voc\u00ea poder\u00e1 conhecer um pouco\u00a0sobre cada\u00a0MEMBRO da\u00a0EQUIPE do Projeto Universo NERD. Fique a vontade para entrar em contato com nossa\u00a0equipe e participar conosco na\u00a0constru\u00e7\u00e3o de\u00a0uma comunidade\u00a0unida envolvendo assuntos que adoramos. Caso tenha interesse em ser\u00a0um MEMBRO da EQUIPE, entre em contato atrav\u00e9s do Formul\u00e1rio de Contato ou mande um e-mail diretamente para contato@universonerd.net [&hellip;]<\/p>\n","protected":false},"author":1,"featured_media":5140,"parent":2,"menu_order":0,"comment_status":"closed","ping_status":"closed","template":"","meta":{"_monsterinsights_skip_tracking":false,"_monsterinsights_sitenote_active":false,"_monsterinsights_sitenote_note":"","_monsterinsights_sitenote_category":0,"footnotes":""},"class_list":["post-212","page","type-page","status-publish","has-post-thumbnail","hentry"],"_links":{"self":[{"href":"https:\/\/universonerd.net\/portalantigo\/wp-json\/wp\/v2\/pages\/212","targetHints":{"allow":["GET"]}}],"collection":[{"href":"https:\/\/universonerd.net\/portalantigo\/wp-json\/wp\/v2\/pages"}],"about":[{"href":"https:\/\/universonerd.net\/portalantigo\/wp-json\/wp\/v2\/types\/page"}],"author":[{"embeddable":true,"href":"https:\/\/universonerd.net\/portalantigo\/wp-json\/wp\/v2\/users\/1"}],"replies":[{"embeddable":true,"href":"https:\/\/universonerd.net\/portalantigo\/wp-json\/wp\/v2\/comments?post=212"}],"version-history":[{"count":0,"href":"https:\/\/universonerd.net\/portalantigo\/wp-json\/wp\/v2\/pages\/212\/revisions"}],"up":[{"embeddable":true,"href":"https:\/\/universonerd.net\/portalantigo\/wp-json\/wp\/v2\/pages\/2"}],"wp:featuredmedia":[{"embeddable":true,"href":"https:\/\/universonerd.net\/portalantigo\/wp-json\/wp\/v2\/media\/5140"}],"wp:attachment":[{"href":"https:\/\/universonerd.net\/portalantigo\/wp-json\/wp\/v2\/media?parent=212"}],"curies":[{"name":"wp","href":"https:\/\/api.w.org\/{rel}","templated":true}]}}