{"id":208,"date":"2016-10-12T12:03:06","date_gmt":"2016-10-12T15:03:06","guid":{"rendered":"https:\/\/universonerd.net\/portalantigo\/?page_id=208"},"modified":"2017-07-29T15:37:39","modified_gmt":"2017-07-29T18:37:39","slug":"missao","status":"publish","type":"page","link":"https:\/\/universonerd.net\/portalantigo\/o_universo\/missao\/","title":{"rendered":"Miss\u00e3o"},"content":{"rendered":"<p><a href=\"https:\/\/universonerd.net\/portalantigo\/wp-content\/uploads\/2016\/10\/missa0_ajustada-1.jpg\"><img loading=\"lazy\" decoding=\"async\" class=\"alignnone size-full wp-image-640\" src=\"https:\/\/universonerd.net\/portalantigo\/wp-content\/uploads\/2016\/10\/missa0_ajustada-1.jpg\" alt=\"missa0_ajustada\" width=\"1631\" height=\"400\" srcset=\"https:\/\/universonerd.net\/portalantigo\/wp-content\/uploads\/2016\/10\/missa0_ajustada-1.jpg 1631w, https:\/\/universonerd.net\/portalantigo\/wp-content\/uploads\/2016\/10\/missa0_ajustada-1-300x74.jpg 300w, https:\/\/universonerd.net\/portalantigo\/wp-content\/uploads\/2016\/10\/missa0_ajustada-1-768x188.jpg 768w, https:\/\/universonerd.net\/portalantigo\/wp-content\/uploads\/2016\/10\/missa0_ajustada-1-1024x251.jpg 1024w\" sizes=\"auto, (max-width: 1631px) 100vw, 1631px\" \/><\/a><\/p>\n<p>A miss\u00e3o \u00e9 considerada como o detalhamento da raz\u00e3o de ser de uma empresa ou projeto, ou seja, \u00e9 o porqu\u00ea da exist\u00eancia da(o) mesma(o). No caso do <strong>Projeto Universo NERD<\/strong>, \u00e9 o motivo de sua exist\u00eancia!<\/p>\n<p>Ent\u00e3o, vamos l\u00e1&#8230; a procura por um p\u00fablico fiel \u00e9 algo imprescind\u00edvel para que o projeto se mantenha atuante em um cen\u00e1rio cadenciado tanto por regras advindas de tend\u00eancias internacionais, quanto pelo crescente n\u00edvel de exig\u00eancia pertencente a um novo perfil de p\u00fablico. E o perfil\u00a0Nerd atual \u00e9 muito diferente do cl\u00e1ssico \u00edcone entre \u00e0s d\u00e9cadas de 1970 e 2000. Desse modo, vamos atuar de forma bem mais ideol\u00f3gica e original.<\/p>\n<h3>Bem, est\u00e1 bom&#8230; deixa\u00a0a \u201cnerdice\u201d um pouco de lado e vamos ser mais claros!<\/h3>\n<p>Precisamos ter um conjunto pr\u00f3prio de caracter\u00edsticas que nos identifique e diferencie dos demais. Em outras palavras, vamos produzir somente conte\u00fado pr\u00f3prio e N\u00c3O iremos abordar not\u00edcias similares ao que a m\u00eddia principal j\u00e1 escreveu. Seremos criativos e originais!<\/p>\n<p><strong><em>&#8220;O projeto ir\u00e1 abordar coisas que GAMERS, NERDS e GEEKS adoram &#8230; como Games, Tecnologias, HQ\u2019s, Cinema, S\u00e9ries para TV, Animes e Mang\u00e1s, Ci\u00eancia e at\u00e9 Ensino &#8230; sempre com informa\u00e7\u00e3o e conte\u00fado.&#8221;<\/em><\/strong><\/p>\n<h3>Afinal de contas \u00e9 ou n\u00e3o \u00e9 um universo esse mundo de coisas legais?<\/h3>\n<p>Sim, com certeza&#8230; mas temos como miss\u00e3o principal criar uma marca, um legado e fazer desse projeto algo inovador, n\u00e3o apenas presente na forma de Blog. <strong>Fica a dica!<\/strong><\/p>\n","protected":false},"excerpt":{"rendered":"<p>A miss\u00e3o \u00e9 considerada como o detalhamento da raz\u00e3o de ser de uma empresa ou projeto, ou seja, \u00e9 o porqu\u00ea da exist\u00eancia da(o) mesma(o). No caso do Projeto Universo NERD, \u00e9 o motivo de sua exist\u00eancia! Ent\u00e3o, vamos l\u00e1&#8230; a procura por um p\u00fablico fiel \u00e9 algo imprescind\u00edvel para que o projeto se mantenha [&hellip;]<\/p>\n","protected":false},"author":1,"featured_media":0,"parent":2,"menu_order":0,"comment_status":"closed","ping_status":"closed","template":"","meta":{"_monsterinsights_skip_tracking":false,"_monsterinsights_sitenote_active":false,"_monsterinsights_sitenote_note":"","_monsterinsights_sitenote_category":0,"footnotes":""},"class_list":["post-208","page","type-page","status-publish","hentry"],"_links":{"self":[{"href":"https:\/\/universonerd.net\/portalantigo\/wp-json\/wp\/v2\/pages\/208","targetHints":{"allow":["GET"]}}],"collection":[{"href":"https:\/\/universonerd.net\/portalantigo\/wp-json\/wp\/v2\/pages"}],"about":[{"href":"https:\/\/universonerd.net\/portalantigo\/wp-json\/wp\/v2\/types\/page"}],"author":[{"embeddable":true,"href":"https:\/\/universonerd.net\/portalantigo\/wp-json\/wp\/v2\/users\/1"}],"replies":[{"embeddable":true,"href":"https:\/\/universonerd.net\/portalantigo\/wp-json\/wp\/v2\/comments?post=208"}],"version-history":[{"count":0,"href":"https:\/\/universonerd.net\/portalantigo\/wp-json\/wp\/v2\/pages\/208\/revisions"}],"up":[{"embeddable":true,"href":"https:\/\/universonerd.net\/portalantigo\/wp-json\/wp\/v2\/pages\/2"}],"wp:attachment":[{"href":"https:\/\/universonerd.net\/portalantigo\/wp-json\/wp\/v2\/media?parent=208"}],"curies":[{"name":"wp","href":"https:\/\/api.w.org\/{rel}","templated":true}]}}